{"id":1617,"date":"2023-10-03T23:43:43","date_gmt":"2023-10-04T02:43:43","guid":{"rendered":"https:\/\/artigo39.com.br\/?page_id=1617"},"modified":"2024-07-03T15:27:53","modified_gmt":"2024-07-03T18:27:53","slug":"perguntas-frequentes","status":"publish","type":"page","link":"https:\/\/artigo39.com.br\/index.php\/perguntas-frequentes\/","title":{"rendered":"Perguntas frequentes"},"content":{"rendered":"<p>[vc_row full_width=&#8221;stretch_row&#8221; css=&#8221;.vc_custom_1692236640454{margin-bottom: 0px !important;}&#8221;][vc_column][vc_toggle title=&#8221;O que \u00e9 venda casada?&#8221; size=&#8221;lg&#8221; open=&#8221;true&#8221;]Esta pr\u00e1tica abusiva e ilegal consiste em atrelar o fornecimento de um produto ou servi\u00e7o a outro, que normalmente \u00e9 vendido separadamente, obrigando, for\u00e7ando, coagindo, constrangendo o consumidor a aceit\u00e1-los em raz\u00e3o de sua necessidade ou vulnerabilidade ao assinar um contrato ou adquirir um produto.[\/vc_toggle][vc_toggle title=&#8221;Quanto pagarei pelos servi\u00e7os prestados pela ARTIGO39?&#8221; size=&#8221;lg&#8221;]30% do valor que ser\u00e1 ressarcido em sua conta.[\/vc_toggle][vc_toggle title=&#8221;Caso n\u00e3o tenha \u00eaxito no meu pedido, terei que pagar algo \u00e0 ARTIGO39?&#8221; size=&#8221;lg&#8221;]N\u00e3o. O contratante s\u00f3 pagar\u00e1 se obtiver sucesso em sua demanda.[\/vc_toggle][vc_toggle title=&#8221;O que acontece se eu romper o contrato assinado?&#8221; size=&#8221;lg&#8221;]O cliente pagar\u00e1 o valor de 30% sobre os valores integrais calculados pela contratante durante a an\u00e1lise dessa consultoria.[\/vc_toggle][vc_toggle title=&#8221;Terei problemas de relacionamento com o banco no qual tenho o empr\u00e9stimo\/financiamento?&#8221; size=&#8221;lg&#8221;]N\u00e3o.[\/vc_toggle][vc_toggle title=&#8221;Os servi\u00e7os que estou contratando enseja uma a\u00e7\u00e3o judicial?&#8221; size=&#8221;lg&#8221;]N\u00e3o, trata-se de um procedimento administrativo que envolve a institui\u00e7\u00e3o financeira e \u00f3rg\u00e3os p\u00fablicos.[\/vc_toggle][vc_toggle title=&#8221;Em quanto tempo receberei a devolu\u00e7\u00e3o dos valores pagos indevidamente?&#8221; size=&#8221;lg&#8221;]Em m\u00e9dia 25 dias \u00fateis ap\u00f3s abertura da solicita\u00e7\u00e3o administrativa.[\/vc_toggle][vc_toggle title=&#8221;O meu empr\u00e9stimo e financiamento ter\u00e3o valor modificado?&#8221; size=&#8221;lg&#8221;]N\u00e3o, pois tratam-se de contratos diversos um n\u00e3o interferindo no valor do outro.[\/vc_toggle][vc_toggle title=&#8221;A ARTIGO39 verifica se a institui\u00e7\u00e3o financeira est\u00e1 cobrando de forma abusiva os juros contratados?&#8221; size=&#8221;lg&#8221;]A ARTIGO39 possui um corpo jur\u00eddico, al\u00e9m de relacionamentos com escrit\u00f3rios outros de advocacia. Assim, caso seja interesse do cliente seguir por este caminho indicamos nossos parceiros para celebra\u00e7\u00e3o de contratos de trabalho de presta\u00e7\u00e3o judicial.[\/vc_toggle][vc_toggle title=&#8221;Os meus herdeiros responder\u00e3o pelas minhas d\u00edvidas em caso de morte?&#8221; size=&#8221;lg&#8221; css=&#8221;.vc_custom_1696473775960{margin-bottom: 40px !important;}&#8221;]N\u00e3o. Quem responde pelas d\u00edvidas \u00e9 a heran\u00e7a.[\/vc_toggle][\/vc_column][\/vc_row][vc_row full_width=&#8221;stretch_row&#8221; css=&#8221;.vc_custom_1695169016021{margin-bottom: 0px !important;background-color: #684671 !important;}&#8221;][vc_column css=&#8221;.vc_custom_1695169027933{background-color: #684671 !important;}&#8221;][vc_cta h2=&#8221;Livre-se das cobran\u00e7as indevidas. Fale com nossos especialistas!&#8221; h2_font_container=&#8221;tag:h2|text_align:left|color:%23ffffff&#8221; h2_google_fonts=&#8221;font_family:Titillium%20Web%3A200%2C200italic%2C300%2C300italic%2Cregular%2Citalic%2C600%2C600italic%2C700%2C700italic%2C900|font_style:400%20regular%3A400%3Anormal&#8221; shape=&#8221;round&#8221; style=&#8221;flat&#8221; add_button=&#8221;right&#8221; btn_title=&#8221;Entrar em contato&#8221; btn_style=&#8221;outline&#8221; btn_shape=&#8221;round&#8221; btn_color=&#8221;white&#8221; btn_i_align=&#8221;right&#8221; btn_i_icon_fontawesome=&#8221;stm-arrow-next&#8221; use_custom_fonts_h2=&#8221;true&#8221; btn_add_icon=&#8221;true&#8221; btn_link=&#8221;url:http%3A%2F%2Fartigo39.com.br%2Findex.php%2Fcontato%2F&#8221; css=&#8221;.vc_custom_1695169127717{background-color: #684671 !important;}&#8221;][\/vc_cta][\/vc_column][\/vc_row]<\/p>\n","protected":false},"excerpt":{"rendered":"<p>[vc_row full_width=&#8221;stretch_row&#8221; css=&#8221;.vc_custom_1692236640454{margin-bottom: 0px !important;}&#8221;][vc_column][vc_toggle title=&#8221;O que \u00e9 venda casada?&#8221; size=&#8221;lg&#8221; open=&#8221;true&#8221;]Esta pr\u00e1tica abusiva e ilegal consiste em atrelar o fornecimento de um produto ou servi\u00e7o a outro, que normalmente \u00e9 vendido separadamente,&#8230;<\/p>\n","protected":false},"author":1,"featured_media":0,"parent":0,"menu_order":0,"comment_status":"closed","ping_status":"closed","template":"","meta":{"_joinchat":[],"footnotes":""},"class_list":["post-1617","page","type-page","status-publish","hentry"],"_links":{"self":[{"href":"https:\/\/artigo39.com.br\/index.php\/wp-json\/wp\/v2\/pages\/1617","targetHints":{"allow":["GET"]}}],"collection":[{"href":"https:\/\/artigo39.com.br\/index.php\/wp-json\/wp\/v2\/pages"}],"about":[{"href":"https:\/\/artigo39.com.br\/index.php\/wp-json\/wp\/v2\/types\/page"}],"author":[{"embeddable":true,"href":"https:\/\/artigo39.com.br\/index.php\/wp-json\/wp\/v2\/users\/1"}],"replies":[{"embeddable":true,"href":"https:\/\/artigo39.com.br\/index.php\/wp-json\/wp\/v2\/comments?post=1617"}],"version-history":[{"count":17,"href":"https:\/\/artigo39.com.br\/index.php\/wp-json\/wp\/v2\/pages\/1617\/revisions"}],"predecessor-version":[{"id":1641,"href":"https:\/\/artigo39.com.br\/index.php\/wp-json\/wp\/v2\/pages\/1617\/revisions\/1641"}],"wp:attachment":[{"href":"https:\/\/artigo39.com.br\/index.php\/wp-json\/wp\/v2\/media?parent=1617"}],"curies":[{"name":"wp","href":"https:\/\/api.w.org\/{rel}","templated":true}]}}