{"id":415,"date":"2015-11-17T04:19:36","date_gmt":"2015-11-17T06:19:36","guid":{"rendered":"http:\/\/logistics.stylemixthemes.com\/demo\/?page_id=415"},"modified":"2024-08-07T09:29:52","modified_gmt":"2024-08-07T12:29:52","slug":"quem-somos","status":"publish","type":"page","link":"https:\/\/artigo39.com.br\/index.php\/quem-somos\/","title":{"rendered":"Quem somos"},"content":{"rendered":"<p>[vc_row full_width=&#8221;stretch_row&#8221; css=&#8221;.vc_custom_1692236640454{margin-bottom: 0px !important;}&#8221;][vc_column][rev_slider_vc alias=&#8221;about_us_slider&#8221; el_class=&#8221;inativado&#8221;][vc_column_text css=&#8221;.vc_custom_1695904172176{margin-bottom: 30px !important;}&#8221;]<\/p>\n<h2>Somos a Artigo39!<\/h2>\n<p>Somos um time de profissionais especializados em solucionar problemas indesej\u00e1veis com bancos, relacionados \u00e0 cobran\u00e7as indevidas, tais como: taxas de vendas casadas, seguros e tarifas. Atendemos cada cliente de forma individualizada. Nosso atendimento \u00e9 totalmente online, facilitando a vida de cada cliente de forma que podemos atender todo o Brasil, e o mais importante, sempre garantindo seguran\u00e7a e transpar\u00eancia.<\/p>\n<p><span style=\"font-size: 14pt;\"><strong>Voc\u00ea j\u00e1 parou para pensar o qu\u00e3o importante \u00e9 conhecer seus direitos?<\/strong><\/span><\/p>\n<p>Muitos brasileiros est\u00e3o acostumados \u00e0 ideia de que as institui\u00e7\u00f5es banc\u00e1rias s\u00e3o \u00f3rg\u00e3os que protegem o dinheiro e nem sequer se atentam \u00e0 leitura de um contrato de empr\u00e9stimo ou questionam as cobran\u00e7as contidas no contrato. Em muitos casos, infelizmente, a informa\u00e7\u00e3o \u00e9 que aquela cobran\u00e7a deve existir para que a contrata\u00e7\u00e3o ocorra.<\/p>\n<p>O C\u00f3digo de Defesa do Consumidor em seu artigo 39 pro\u00edbe que institui\u00e7\u00f5es financeiras ou qualquer empresa pratiquem a chamada &#8220;venda casada&#8221;. Esta pr\u00e1tica abusiva e ilegal consiste em atrelar o fornecimento de um produto ou servi\u00e7o a outro, que normalmente \u00e9 vendido separadamente, obrigando, for\u00e7ando, coagindo, constrangendo o consumidor a aceit\u00e1-los em raz\u00e3o de sua necessidade ou vulnerabilidade ao assinar um contrato ou adquirir um produto.<\/p>\n<p>A nossa empresa age no sentido de recompor a legalidade da rela\u00e7\u00e3o entre o consumidor e o prestador de servi\u00e7o, que foi celebrada de forma contr\u00e1ria \u00e0 previs\u00e3o legal. Assim, qualquer valor cobrado em desacordo \u00e0 lei, por uma venda casada, ser\u00e1 recuperado e devolvido ao cliente de forma r\u00e1pida, sem qualquer preju\u00edzo ao contrato estabelecido ou servi\u00e7o prestado.[\/vc_column_text][vc_custom_heading text=&#8221;Miss\u00e3o, Vis\u00e3o e Valores&#8221; use_theme_fonts=&#8221;yes&#8221;][vc_tta_accordion style=&#8221;outline&#8221; shape=&#8221;square&#8221; color=&#8221;theme_style&#8221; c_icon=&#8221;chevron&#8221; c_position=&#8221;right&#8221; active_section=&#8221;1&#8243;][vc_tta_section title=&#8221;NOSSA MISS\u00c3O&#8221; tab_id=&#8221;1447734797771-9e120a4a-d349&#8243;][vc_column_text]NOSSA MISS\u00c3O n\u00e3o tem por finalidade \u00fanica oferecer solu\u00e7\u00f5es e servi\u00e7os, mas o conhecimento b\u00e1sico em rela\u00e7\u00e3o aos direitos dos consumidores previstos na lei 8.078 (C\u00f3digo de defesa do consumidor). No tocante ao equil\u00edbrio financeiro, por meio de um atendimento individualizado, trazemos aos nossos clientes solu\u00e7\u00f5es que podem ajud\u00e1-los a recuperar valores que fazem diferen\u00e7a a quem precisa.[\/vc_column_text][\/vc_tta_section][\/vc_tta_accordion][vc_tta_accordion style=&#8221;outline&#8221; shape=&#8221;square&#8221; color=&#8221;theme_style&#8221; c_icon=&#8221;chevron&#8221; c_position=&#8221;right&#8221; active_section=&#8221;1, 2, 3&#8243;][vc_tta_section title=&#8221;NOSSA VIS\u00c3O&#8221; tab_id=&#8221;1692237775299-de75693e-d38b&#8221;][vc_column_text]Trazer para a vida de cada brasileiro conhecimento e solu\u00e7\u00f5es pr\u00e1ticas para concretiza\u00e7\u00e3o do seu direito.[\/vc_column_text][\/vc_tta_section][\/vc_tta_accordion][vc_tta_accordion style=&#8221;outline&#8221; shape=&#8221;square&#8221; color=&#8221;theme_style&#8221; c_icon=&#8221;chevron&#8221; c_position=&#8221;right&#8221; active_section=&#8221;1, 2, 3&#8243;][vc_tta_section title=&#8221;NOSSOS VALORES&#8221; tab_id=&#8221;1692237774771-98d35e32-4f20&#8243;][vc_column_text]<\/p>\n<ul class=\"style_3\">\n<li>\u00c9tica, Inova\u00e7\u00e3o e Transpar\u00eancia<\/li>\n<li>Foco na necessidade de cada cliente<\/li>\n<li>Resultados com excel\u00eancia<\/li>\n<\/ul>\n<p>[\/vc_column_text][\/vc_tta_section][\/vc_tta_accordion][\/vc_column][\/vc_row][vc_row full_width=&#8221;stretch_row&#8221; css=&#8221;.vc_custom_1695169016021{margin-bottom: 0px !important;background-color: #684671 !important;}&#8221;][vc_column css=&#8221;.vc_custom_1695169027933{background-color: #684671 !important;}&#8221;][vc_cta h2=&#8221;Livre-se das cobran\u00e7as indevidas. Fale com nossos especialistas!&#8221; h2_font_container=&#8221;tag:h2|text_align:left|color:%23ffffff&#8221; h2_google_fonts=&#8221;font_family:Titillium%20Web%3A200%2C200italic%2C300%2C300italic%2Cregular%2Citalic%2C600%2C600italic%2C700%2C700italic%2C900|font_style:400%20regular%3A400%3Anormal&#8221; shape=&#8221;round&#8221; style=&#8221;flat&#8221; add_button=&#8221;right&#8221; btn_title=&#8221;Entrar em contato&#8221; btn_style=&#8221;outline&#8221; btn_shape=&#8221;round&#8221; btn_color=&#8221;white&#8221; btn_i_align=&#8221;right&#8221; btn_i_icon_fontawesome=&#8221;stm-arrow-next&#8221; use_custom_fonts_h2=&#8221;true&#8221; btn_add_icon=&#8221;true&#8221; btn_link=&#8221;url:http%3A%2F%2Fartigo39.com.br%2Findex.php%2Fcontato%2F&#8221; css=&#8221;.vc_custom_1695169127717{background-color: #684671 !important;}&#8221;][\/vc_cta][\/vc_column][\/vc_row]<\/p>\n","protected":false},"excerpt":{"rendered":"<p>[vc_row full_width=&#8221;stretch_row&#8221; css=&#8221;.vc_custom_1692236640454{margin-bottom: 0px !important;}&#8221;][vc_column][rev_slider_vc alias=&#8221;about_us_slider&#8221; el_class=&#8221;inativado&#8221;][vc_column_text css=&#8221;.vc_custom_1695904172176{margin-bottom: 30px !important;}&#8221;] Somos a Artigo39! Somos um time de profissionais especializados em solucionar problemas indesej\u00e1veis com bancos, relacionados \u00e0 cobran\u00e7as indevidas, tais como: taxas de&#8230;<\/p>\n","protected":false},"author":1,"featured_media":0,"parent":0,"menu_order":0,"comment_status":"closed","ping_status":"closed","template":"","meta":{"_joinchat":[],"footnotes":""},"class_list":["post-415","page","type-page","status-publish","hentry"],"_links":{"self":[{"href":"https:\/\/artigo39.com.br\/index.php\/wp-json\/wp\/v2\/pages\/415","targetHints":{"allow":["GET"]}}],"collection":[{"href":"https:\/\/artigo39.com.br\/index.php\/wp-json\/wp\/v2\/pages"}],"about":[{"href":"https:\/\/artigo39.com.br\/index.php\/wp-json\/wp\/v2\/types\/page"}],"author":[{"embeddable":true,"href":"https:\/\/artigo39.com.br\/index.php\/wp-json\/wp\/v2\/users\/1"}],"replies":[{"embeddable":true,"href":"https:\/\/artigo39.com.br\/index.php\/wp-json\/wp\/v2\/comments?post=415"}],"version-history":[{"count":37,"href":"https:\/\/artigo39.com.br\/index.php\/wp-json\/wp\/v2\/pages\/415\/revisions"}],"predecessor-version":[{"id":1597,"href":"https:\/\/artigo39.com.br\/index.php\/wp-json\/wp\/v2\/pages\/415\/revisions\/1597"}],"wp:attachment":[{"href":"https:\/\/artigo39.com.br\/index.php\/wp-json\/wp\/v2\/media?parent=415"}],"curies":[{"name":"wp","href":"https:\/\/api.w.org\/{rel}","templated":true}]}}