{"id":442,"date":"2015-11-17T05:09:58","date_gmt":"2015-11-17T07:09:58","guid":{"rendered":"http:\/\/logistics.stylemixthemes.com\/demo\/?page_id=442"},"modified":"2024-08-15T13:33:32","modified_gmt":"2024-08-15T16:33:32","slug":"contato","status":"publish","type":"page","link":"https:\/\/artigo39.com.br\/index.php\/contato\/","title":{"rendered":"Fale Conosco"},"content":{"rendered":"<p>[vc_row][vc_column][vc_gmaps link=&#8221;#E-8_JTNDaWZyYW1lJTIwc3JjJTNEJTIyaHR0cHMlM0ElMkYlMkZ3d3cuZ29vZ2xlLmNvbSUyRm1hcHMlMkZlbWJlZCUzRnBiJTNEJTIxMW0xOCUyMTFtMTIlMjExbTMlMjExZDM3MjAuMTQ3MjAxNDQ2MzQ3JTIxMmQtNDcuODA3MjU4MiUyMTNkLTIxLjE4NjMxMDYwMDAwMDAwMiUyMTJtMyUyMTFmMCUyMTJmMCUyMTNmMCUyMTNtMiUyMTFpMTAyNCUyMTJpNzY4JTIxNGYxMy4xJTIxM20zJTIxMW0yJTIxMXMweDk0YjliZWUxMjM4NjM5MWYlMjUzQTB4ZGU4ZWFkNzE2OTYzOGFmJTIxMnNSLiUyNTIwQmVybmFyZGlubyUyNTIwZGUlMjUyMENhbXBvcyUyNTJDJTI1MjAxMTQ0JTI1MjAtJTI1MjBDZW50cm8lMjUyQyUyNTIwUmliZWlyJTI1QzMlMjVBM28lMjUyMFByZXRvJTI1MjAtJTI1MjBTUCUyNTJDJTI1MjAxNDAxNS0xMzAlMjE1ZTAlMjEzbTIlMjExc3B0LUJSJTIxMnNiciUyMTR2MTY5NTAwNjk1NzEzNSUyMTVtMiUyMTFzcHQtQlIlMjEyc2JyJTIyJTIwd2lkdGglM0QlMjI2MDAlMjIlMjBoZWlnaHQlM0QlMjI0NTAlMjIlMjBzdHlsZSUzRCUyMmJvcmRlciUzQTAlM0IlMjIlMjBhbGxvd2Z1bGxzY3JlZW4lM0QlMjIlMjIlMjBsb2FkaW5nJTNEJTIybGF6eSUyMiUyMHJlZmVycmVycG9saWN5JTNEJTIybm8tcmVmZXJyZXItd2hlbi1kb3duZ3JhZGUlMjIlM0UlM0MlMkZpZnJhbWUlM0U=&#8221;][\/vc_column][\/vc_row][vc_row][vc_column offset=&#8221;vc_col-lg-4 vc_col-md-4&#8243; css=&#8221;.vc_custom_1449207085340{margin-bottom: 30px !important;}&#8221;][vc_column_text]<\/p>\n<h2>Entre em contato<\/h2>\n<p style=\"text-align: justify;\">Acione nossa equipe para tirar suas d\u00favidas ou solicitar atendimento. Cuidaremos das cobran\u00e7as indevidas e garantiremos que recupere seu dinheiro de forma segura e em um prazo r\u00e1pido.<\/p>\n<p><strong>Basta preencher o formul\u00e1rio ao lado e enviar!<\/strong>[\/vc_column_text][vc_wp_text]<a href=\"https:\/\/www.instagram.com\/artigo39.oficial\" target=\"_blank\" rel=\"noopener\"><img loading=\"lazy\" decoding=\"async\" src=\"https:\/\/artigo39.com.br\/wp-content\/uploads\/2023\/09\/instagram.svg\" alt=\"\" width=\"30\" height=\"150\" \/><\/a><a href=\"https:\/\/www.facebook.com\/artigo39.oficial\" target=\"_blank\" rel=\"noopener\"><img loading=\"lazy\" decoding=\"async\" src=\"https:\/\/artigo39.com.br\/wp-content\/uploads\/2023\/09\/facebook-square.svg\" alt=\"\" width=\"30\" height=\"150\" \/><\/a>[\/vc_wp_text][\/vc_column][vc_column offset=&#8221;vc_col-lg-8 vc_col-md-8&#8243;]\n<div class=\"wpcf7 no-js\" id=\"wpcf7-f453-o1\" lang=\"en-US\" dir=\"ltr\">\n<div class=\"screen-reader-response\"><p role=\"status\" aria-live=\"polite\" aria-atomic=\"true\"><\/p> <ul><\/ul><\/div>\n<form action=\"\/index.php\/wp-json\/wp\/v2\/pages\/442#wpcf7-f453-o1\" method=\"post\" class=\"wpcf7-form init\" aria-label=\"Contact form\" novalidate=\"novalidate\" data-status=\"init\">\n<div style=\"display: none;\">\n<input type=\"hidden\" name=\"_wpcf7\" value=\"453\" \/>\n<input type=\"hidden\" name=\"_wpcf7_version\" value=\"5.8.2\" \/>\n<input type=\"hidden\" name=\"_wpcf7_locale\" value=\"en_US\" \/>\n<input type=\"hidden\" name=\"_wpcf7_unit_tag\" value=\"wpcf7-f453-o1\" \/>\n<input type=\"hidden\" name=\"_wpcf7_container_post\" value=\"0\" \/>\n<input type=\"hidden\" name=\"_wpcf7_posted_data_hash\" value=\"\" \/>\n<input type=\"hidden\" name=\"_wpcf7cf_hidden_group_fields\" value=\"[]\" \/>\n<input type=\"hidden\" name=\"_wpcf7cf_hidden_groups\" value=\"[]\" \/>\n<input type=\"hidden\" name=\"_wpcf7cf_visible_groups\" value=\"[]\" \/>\n<input type=\"hidden\" name=\"_wpcf7cf_repeaters\" value=\"[]\" \/>\n<input type=\"hidden\" name=\"_wpcf7cf_steps\" value=\"{}\" \/>\n<input type=\"hidden\" name=\"_wpcf7cf_options\" value=\"{&quot;form_id&quot;:453,&quot;conditions&quot;:[],&quot;settings&quot;:{&quot;animation&quot;:&quot;yes&quot;,&quot;animation_intime&quot;:200,&quot;animation_outtime&quot;:200,&quot;conditions_ui&quot;:&quot;normal&quot;,&quot;notice_dismissed&quot;:true,&quot;notice_dismissed_update-cf7-5.9.8&quot;:true}}\" \/>\n<\/div>\n<div class=\"contact_form\">\n\t<div class=\"row\">\n\t\t<div class=\"col-lg-6 col-md-6 col-sm-12 col-xs-12\">\n\t\t\t<div class=\"input-group\">\n\t\t\t\t<p><span class=\"wpcf7-form-control-wrap\" data-name=\"nome\"><input size=\"40\" class=\"wpcf7-form-control wpcf7-text wpcf7-validates-as-required\" aria-required=\"true\" aria-invalid=\"false\" placeholder=\"Nome *\" value=\"\" type=\"text\" name=\"nome\" \/><\/span>\n\t\t\t\t<\/p>\n\t\t\t<\/div>\n\t\t<\/div>\n\t\t<div class=\"col-lg-6 col-md-6 col-sm-12 col-xs-12\">\n\t\t\t<div class=\"input-group\">\n\t\t\t\t<p><span class=\"wpcf7-form-control-wrap\" data-name=\"telefone\"><input size=\"40\" class=\"wpcf7-form-control wpcf7-tel wpcf7-validates-as-required wpcf7-text wpcf7-validates-as-tel phone\" aria-required=\"true\" aria-invalid=\"false\" placeholder=\"Telefone\" value=\"\" type=\"tel\" name=\"telefone\" \/><\/span>\n\t\t\t\t<\/p>\n\t\t\t<\/div>\n\t\t<\/div>\n\t<\/div>\n\t<div class=\"row\">\n\t\t<div class=\"col-lg-8 col-md-8 col-sm-12 col-xs-12\">\n\t\t\t<div class=\"input-group\">\n\t\t\t\t<p>Qual o nome do banco ou financeira?*<br \/>\n<span class=\"wpcf7-form-control-wrap\" data-name=\"cf_banco_ou_financeira_0\"><span class=\"wpcf7-form-control wpcf7-radio\"><span class=\"wpcf7-list-item first\"><input type=\"radio\" name=\"cf_banco_ou_financeira_0\" value=\"Caixa Econ\u00f4mica Federal\" \/><span class=\"wpcf7-list-item-label\">Caixa Econ\u00f4mica Federal<\/span><\/span><span class=\"wpcf7-list-item\"><input type=\"radio\" name=\"cf_banco_ou_financeira_0\" value=\"Banco do Brasil\" \/><span class=\"wpcf7-list-item-label\">Banco do Brasil<\/span><\/span><span class=\"wpcf7-list-item\"><input type=\"radio\" name=\"cf_banco_ou_financeira_0\" value=\"Santander\" \/><span class=\"wpcf7-list-item-label\">Santander<\/span><\/span><span class=\"wpcf7-list-item\"><input type=\"radio\" name=\"cf_banco_ou_financeira_0\" value=\"Sicredi\" \/><span class=\"wpcf7-list-item-label\">Sicredi<\/span><\/span><span class=\"wpcf7-list-item\"><input type=\"radio\" name=\"cf_banco_ou_financeira_0\" value=\"Bradesco\" \/><span class=\"wpcf7-list-item-label\">Bradesco<\/span><\/span><span class=\"wpcf7-list-item\"><input type=\"radio\" name=\"cf_banco_ou_financeira_0\" value=\"Losango\" \/><span class=\"wpcf7-list-item-label\">Losango<\/span><\/span><span class=\"wpcf7-list-item\"><input type=\"radio\" name=\"cf_banco_ou_financeira_0\" value=\"Banco Alfa\" \/><span class=\"wpcf7-list-item-label\">Banco Alfa<\/span><\/span><span class=\"wpcf7-list-item\"><input type=\"radio\" name=\"cf_banco_ou_financeira_0\" value=\"Aymor\u00e9\" \/><span class=\"wpcf7-list-item-label\">Aymor\u00e9<\/span><\/span><span class=\"wpcf7-list-item\"><input type=\"radio\" name=\"cf_banco_ou_financeira_0\" value=\"BV Financeira\" \/><span class=\"wpcf7-list-item-label\">BV Financeira<\/span><\/span><span class=\"wpcf7-list-item\"><input type=\"radio\" name=\"cf_banco_ou_financeira_0\" value=\"Omni\" \/><span class=\"wpcf7-list-item-label\">Omni<\/span><\/span><span class=\"wpcf7-list-item\"><input type=\"radio\" name=\"cf_banco_ou_financeira_0\" value=\"Ita\u00fa\" \/><span class=\"wpcf7-list-item-label\">Ita\u00fa<\/span><\/span><span class=\"wpcf7-list-item\"><input type=\"radio\" name=\"cf_banco_ou_financeira_0\" value=\"PAN\" \/><span class=\"wpcf7-list-item-label\">PAN<\/span><\/span><span class=\"wpcf7-list-item last\"><input type=\"radio\" name=\"cf_banco_ou_financeira_0\" value=\"Sicoob\" \/><span class=\"wpcf7-list-item-label\">Sicoob<\/span><\/span><\/span><\/span>\n\t\t\t\t<\/p>\n\t\t\t<\/div>\n\t\t<\/div>\n\t\t<div class=\"col-lg-4 col-md-4 col-sm-12 col-xs-12\">\n\t\t\t<div class=\"input-group\">\n\t\t\t\t<p><span class=\"wpcf7-form-control-wrap\" data-name=\"email\"><input size=\"40\" class=\"wpcf7-form-control wpcf7-email wpcf7-validates-as-required wpcf7-text wpcf7-validates-as-email\" aria-required=\"true\" aria-invalid=\"false\" placeholder=\"E-mail *\" value=\"\" type=\"email\" name=\"email\" \/><\/span>\n\t\t\t\t<\/p>\n\t\t\t<\/div>\n\t\t<\/div>\n\t<\/div>\n\t<div class=\"row\">\n\t\t<div class=\"col-lg-8 col-md-8 col-sm-12 col-xs-12\">\n\t\t\t<p><span class=\"wpcf7-form-control-wrap\" data-name=\"mensagem\"><textarea cols=\"40\" rows=\"10\" class=\"wpcf7-form-control wpcf7-textarea wpcf7-validates-as-required\" aria-required=\"true\" aria-invalid=\"false\" placeholder=\"Mensagem *\" name=\"mensagem\"><\/textarea><\/span>\n\t\t\t<\/p>\n\t\t<\/div>\n\t\t<div class=\"col-lg-4 col-md-4 col-sm-12 col-xs-12\">\n\t\t\t<p><span class=\"wpcf7-form-control-wrap f12_captcha-63\" data-name=\"f12_captcha-63\" style=\"\"><input class=\"f12c wpcf7-validates-as-required\" data-method=\"image\" id=\"f12_captcha-63\" captchamethod=\"image\" class=\"wpcf7-form-control wpcf7-f12_captcha wpcf7-validates-as-captcha\" aria-required=\"true\" aria-invalid=\"false\" placeholder=\"Anti-spam\" value=\"\" type=\"text\" name=\"f12_captcha-63\" style=\"\"\/><label><span class=\"captcha-image\"><img decoding=\"async\" src=\"data:image\/png;base64,iVBORw0KGgoAAAANSUhEUgAAAH0AAAAeCAMAAAA2PuHjAAAA7VBMVEX\/\/\/\/IyMjq6urc3Nzx8fHV1dX4+PjOzs7j4+NFZ4nn7PC0wc6nr7hcepeis8R7kKXQ2eG3u8C5xtKCmK2Gl6iAlapWc5HL09xVc5C8wcVlf5hzjaaKoLWrtLyInbKxucKXqLmntMGQobLIyMjm5uZFZ4mFmrCWo7Db3+SbrL1aeJZngJpZd5XJzdF2i6B9kqjIyMhFZ4lbeZajsLy2vsfIyMjs7Oy7vsJFZ4nP09dshp9pgpxTcZBXdJJqhJ1wiaPIyMhFZ4nh5epuh6Gap7TV2d2er8DIyMhFZ4msuMWwvcpYdpRxi6TAydG7xMxEpI1uAAAACXBIWXMAAA7EAAAOxAGVKw4bAAAEDElEQVRIie2WbXOjNhDHBZIQIkgVxEk55MvdlRL70sQ1adzhem0OcmlRrw\/f\/+N0hcBJXGcGty\/aF7czHrC00k\/\/1WoFQp\/t\/2kBCf5DeFH4j\/\/7mDKK\/efc\/435noe3fwilBKGwKMIHh3A9GCOIbDa7UQn8MPT\/eaiw55FxJuZReLCieFgQXa+pTwKCgU\/+Tveb3vDTVoTZbsszBkg2kjwW9NIL+gg+hJyA+u936QBnYUibhj5pRrSbSLexd4EOPc+SWIGLcT3+Ft6\/4136gA2b5mlasMl0kOzZOQOXAWFB\/aQYZ1mzBz\/s72onTbN0fjuxZ12Ipll0FLvtdjvACnJeLhwEov14lqjOHR1i0Gtdrtq21RE0bENPCFEKdd3kIyJ4DCHHLgIgPS3LhUtECDZ55DjSR3h03fYWbbX7rOu63Nx1HUETTfIvIOiw6UoqkL4sgT5kwnoNtEhqrSUoRI4OcNct2\/cJu5u3Gva9p4XApjQ3+AA64jzxgK84T\/2CaiHLmZOCLT2tnGmgZ0DHcfzOjdOtsunenjZNvxwCbHhcG1jE9BIg+THQU4CD9LelSssZ3WqXVTVXSklRiZ4ezuofhnHz9ghUJ23mlCPc3UuIkbgG+mQ4iqz4GecK+cWrUiKgu1SHfV9WVeqcRCWBjmf1+3Gcak8Xyc3H9n44cHFmwJQR9BA6OuGzGT\/9EhI+uYAAA70Iadjn\/HE1H1nVxWW9WdRZso3qy8wmXYrcvi8z80FKIYwOO\/YMaY+RhHOeJRikf3N5RdkC6K7erddVFY1uovqxXtQ\/JZvt6Vr1KS8UovbE\/Wpy26otne7j7DWotRkXLyDpw1m5KJJkUa6Sq\/7qwHF1vfVbJlld1+LdcN4gZG0OS0vhyEHFReijiW1raubh9FKHaJJzLojnsa9Py9GOnbpFdfLgt87r7KzWbOPiGrVZ\/yJbCfQAXZp+t5WReDo9TDKuNU+hzGMNXCFEeZp95Tq\/q1Zj1YIDcFvHga7fbjb95KrNG\/ech1b7henPGdCnF1oC8DlKuYZS6zmSKr8db7mjKl9je56IvWo\/1EkQ1fXNZkOc9sR32pndd21iC5Xm0+RCG7zM+Bmy5VbZ2AeOfjLeclFVJfbLAn6QlZaO0vp64xJPt9niZzVv26s+56XJEwIn09xPpr\/i\/LV9ShAfDt85qjzHY+h0dUz7L5sbKHbnlo50feJq7Vjn74daJ0y2ujW\/mXhqoX3D+bDDnEf2rrXDlJBbBxCvVRAEUG8lOs9iW\/f1\/MVw1f5ym2WruGFOavQ7FJt8Zv6YWmgjuA6dSdj9AO7HXQ9la7yA33y3xxnx\/Ycx0ac\/8Zuzu0PK\/DDQit\/bIS1bpIdMdvhnpkrVc11RtH9hn+1A+wt6IX9bOSXxdgAAAABJRU5ErkJggg==\"\/><\/span> <a href=\"javascript:void(0);\" class=\"cf7 captcha-reload\" title=\"Reload Captcha\"><img decoding=\"async\" style=\"margin-top:5px;\" src=\"https:\/\/artigo39.com.br\/wp-content\/plugins\/captcha-for-contact-form-7\/core\/assets\/reload-icon.png\" alt=\"Reload\"\/><\/a> <\/label><\/span><input type=\"hidden\" id=\"f12_captcha-63_hash\" name=\"f12_captcha-63_hash\" value=\"$2y$10$6fWy8.iGYHwIpBBIFytGyutz.jVtEqHood36Ja7SuoEmHI3EkugPC\"\/>\n\t\t\t<\/p>\n\t\t<\/div>\n\t<\/div>\n\t<div class=\"row\">\n\t\t<div class=\"col-lg-6 col-md-6 col-sm-12 col-xs-12\">\n\t\t\t<div class=\"input-group\">\n\t\t\t\t<p><input class=\"wpcf7-form-control wpcf7-submit has-spinner theme-wpcf7-submit button size-sm\" type=\"submit\" value=\"ENVIAR\" \/>\n\t\t\t\t<\/p>\n\t\t\t<\/div>\n\t\t<\/div>\n\t<\/div>\n<\/div><div class=\"wpcf7-response-output\" aria-hidden=\"true\"><\/div>\n<\/form>\n<\/div>\n[vc_column_text css=&#8221;.vc_custom_1694482850618{padding-right: 235px !important;padding-bottom: 25px !important;padding-left: 45px !important;background-color: #f7f7f7 !important;}&#8221;]<span style=\"font-size: 8pt;\">* O atendimento pelo formul\u00e1rio pode levar at\u00e9 3 dias \u00fateis para retorno, devido \u00e0 sequ\u00eancia cadastral dos clientes. Basta aguardar que nossos consultores retornar\u00e3o o mais r\u00e1pido poss\u00edvel.<\/span>[\/vc_column_text][\/vc_column][\/vc_row]<\/p>\n","protected":false},"excerpt":{"rendered":"<p>[vc_row][vc_column][vc_gmaps link=&#8221;#E-8_JTNDaWZyYW1lJTIwc3JjJTNEJTIyaHR0cHMlM0ElMkYlMkZ3d3cuZ29vZ2xlLmNvbSUyRm1hcHMlMkZlbWJlZCUzRnBiJTNEJTIxMW0xOCUyMTFtMTIlMjExbTMlMjExZDM3MjAuMTQ3MjAxNDQ2MzQ3JTIxMmQtNDcuODA3MjU4MiUyMTNkLTIxLjE4NjMxMDYwMDAwMDAwMiUyMTJtMyUyMTFmMCUyMTJmMCUyMTNmMCUyMTNtMiUyMTFpMTAyNCUyMTJpNzY4JTIxNGYxMy4xJTIxM20zJTIxMW0yJTIxMXMweDk0YjliZWUxMjM4NjM5MWYlMjUzQTB4ZGU4ZWFkNzE2OTYzOGFmJTIxMnNSLiUyNTIwQmVybmFyZGlubyUyNTIwZGUlMjUyMENhbXBvcyUyNTJDJTI1MjAxMTQ0JTI1MjAtJTI1MjBDZW50cm8lMjUyQyUyNTIwUmliZWlyJTI1QzMlMjVBM28lMjUyMFByZXRvJTI1MjAtJTI1MjBTUCUyNTJDJTI1MjAxNDAxNS0xMzAlMjE1ZTAlMjEzbTIlMjExc3B0LUJSJTIxMnNiciUyMTR2MTY5NTAwNjk1NzEzNSUyMTVtMiUyMTFzcHQtQlIlMjEyc2JyJTIyJTIwd2lkdGglM0QlMjI2MDAlMjIlMjBoZWlnaHQlM0QlMjI0NTAlMjIlMjBzdHlsZSUzRCUyMmJvcmRlciUzQTAlM0IlMjIlMjBhbGxvd2Z1bGxzY3JlZW4lM0QlMjIlMjIlMjBsb2FkaW5nJTNEJTIybGF6eSUyMiUyMHJlZmVycmVycG9saWN5JTNEJTIybm8tcmVmZXJyZXItd2hlbi1kb3duZ3JhZGUlMjIlM0UlM0MlMkZpZnJhbWUlM0U=&#8221;][\/vc_column][\/vc_row][vc_row][vc_column offset=&#8221;vc_col-lg-4 vc_col-md-4&#8243; css=&#8221;.vc_custom_1449207085340{margin-bottom: 30px !important;}&#8221;][vc_column_text] Entre em contato Acione nossa equipe para tirar suas d\u00favidas ou solicitar atendimento. Cuidaremos das cobran\u00e7as indevidas e garantiremos que recupere seu dinheiro de forma segura&#8230;<\/p>\n","protected":false},"author":1,"featured_media":0,"parent":0,"menu_order":0,"comment_status":"closed","ping_status":"closed","template":"","meta":{"_joinchat":[],"footnotes":""},"class_list":["post-442","page","type-page","status-publish","hentry"],"_links":{"self":[{"href":"https:\/\/artigo39.com.br\/index.php\/wp-json\/wp\/v2\/pages\/442","targetHints":{"allow":["GET"]}}],"collection":[{"href":"https:\/\/artigo39.com.br\/index.php\/wp-json\/wp\/v2\/pages"}],"about":[{"href":"https:\/\/artigo39.com.br\/index.php\/wp-json\/wp\/v2\/types\/page"}],"author":[{"embeddable":true,"href":"https:\/\/artigo39.com.br\/index.php\/wp-json\/wp\/v2\/users\/1"}],"replies":[{"embeddable":true,"href":"https:\/\/artigo39.com.br\/index.php\/wp-json\/wp\/v2\/comments?post=442"}],"version-history":[{"count":51,"href":"https:\/\/artigo39.com.br\/index.php\/wp-json\/wp\/v2\/pages\/442\/revisions"}],"predecessor-version":[{"id":1326,"href":"https:\/\/artigo39.com.br\/index.php\/wp-json\/wp\/v2\/pages\/442\/revisions\/1326"}],"wp:attachment":[{"href":"https:\/\/artigo39.com.br\/index.php\/wp-json\/wp\/v2\/media?parent=442"}],"curies":[{"name":"wp","href":"https:\/\/api.w.org\/{rel}","templated":true}]}}