{"id":618,"date":"2015-10-21T07:42:32","date_gmt":"2015-10-21T07:42:32","guid":{"rendered":"http:\/\/logistics.stylemixthemes.com\/demo\/?page_id=2"},"modified":"2024-10-21T17:22:51","modified_gmt":"2024-10-21T20:22:51","slug":"home-2-2-2","status":"publish","type":"page","link":"https:\/\/artigo39.com.br\/","title":{"rendered":"In\u00edcio"},"content":{"rendered":"<p>[vc_row full_width=&#8221;stretch_row_content_no_spaces&#8221; css=&#8221;.vc_custom_1445941555299{margin-bottom: 0px !important;}&#8221;][vc_column][\/vc_column][\/vc_row][vc_row full_width=&#8221;stretch_row&#8221; css=&#8221;.vc_custom_1695003960831{margin-bottom: 80px !important;background-color: #684671 !important;}&#8221;][vc_column width=&#8221;1\/4&#8243; offset=&#8221;vc_hidden-xs&#8221;][stm_rev_slider_nav title=&#8221;Cobran\u00e7as Indevidas&#8221; icon=&#8221;stm-transport842&#8243; slide_number=&#8221;1&#8243;][\/vc_column][vc_column width=&#8221;1\/4&#8243; offset=&#8221;vc_hidden-xs&#8221;][stm_rev_slider_nav title=&#8221;Taxas de Vendas Casadas&#8221; icon=&#8221;stm-transport839&#8243; slide_number=&#8221;2&#8243;][\/vc_column][vc_column width=&#8221;1\/4&#8243; offset=&#8221;vc_hidden-xs&#8221;][stm_rev_slider_nav title=&#8221;Tarifas&#8221; icon=&#8221;stm-ship&#8221; slide_number=&#8221;3&#8243;][\/vc_column][vc_column width=&#8221;1\/4&#8243; offset=&#8221;vc_hidden-xs&#8221;][stm_rev_slider_nav title=&#8221;Outros&#8221; icon=&#8221;stm-warehouse&#8221; slide_number=&#8221;4&#8243;][\/vc_column][\/vc_row][vc_row full_height=&#8221;yes&#8221; css=&#8221;.vc_custom_1449213766351{margin-bottom: 60px !important;background-image: url(http:\/\/logistics.stylemixthemes.com\/demo\/wp-content\/uploads\/2015\/11\/placeholder.gif?id=1051) !important;background-position: center !important;background-repeat: no-repeat !important;background-size: cover !important;}&#8221; el_class=&#8221;vc_hidden-lg vc_hidden-md vc_hidden-sm&#8221;][vc_column offset=&#8221;vc_hidden-lg vc_hidden-md vc_hidden-sm&#8221; css=&#8221;.vc_custom_1449213666600{padding-top: 40px !important;padding-bottom: 40px !important;}&#8221;][vc_custom_heading text=&#8221;Unbeatable Trucking Service&#8221; font_container=&#8221;tag:h1|text_align:left|color:%23ffffff&#8221; use_theme_fonts=&#8221;yes&#8221; el_class=&#8221;white_stripe&#8221;][vc_column_text]<span style=\"color: #ffffff; font-size: 16px; line-height: 28px;\">Starting from loading to unloading and maintaining the highest standards in terms of safety while in transit, we take nothing to chance.<\/span>[\/vc_column_text][vc_btn title=&#8221;Learn More&#8221; style=&#8221;outline&#8221; shape=&#8221;round&#8221; color=&#8221;theme_style_3&#8243; i_align=&#8221;right&#8221; i_icon_fontawesome=&#8221;stm-arrow-next&#8221; add_icon=&#8221;true&#8221;][\/vc_column][\/vc_row][vc_row css=&#8221;.vc_custom_1684239750276{margin-bottom: 50px !important;}&#8221;][vc_column][vc_column_text css=&#8221;.vc_custom_1695904074270{margin-right: 25px !important;margin-left: 25px !important;}&#8221;]<\/p>\n<h2 style=\"text-align: left;\"><span style=\"font-weight: 300; color: #684671;\">BEM-VINDO A ARTIGO39!<\/span><\/h2>\n<p style=\"text-align: justify;\">Somos uma empresa especializada em assessoria de direitos banc\u00e1rios, oferecendo seus servi\u00e7os em todo o territ\u00f3rio nacional. Contamos com uma equipe de consultores altamente qualificados, especializados em resolver quest\u00f5es indesej\u00e1veis relacionadas \u00e0 cobran\u00e7as indevidas por parte de institui\u00e7\u00f5es banc\u00e1rias. Isso inclui taxas de vendas casadas, seguros e tarifas, pr\u00e1ticas proibidas pelo C\u00f3digo de Defesa do Consumidor, especificamente no artigo 39, inciso I.<\/p>\n<p style=\"text-align: justify;\"><span style=\"font-size: 14pt; color: #684671;\"><strong>O processo \u00e9 simples, \u00e1gil e os valores a serem ressarcidos s\u00e3o depositados diretamente na conta banc\u00e1ria do cliente.<\/strong><\/span><\/p>\n<p style=\"text-align: justify;\">N\u00e3o exigimos pagamento antecipado! A Artigo39 s\u00f3 cobrar\u00e1 pelos seus servi\u00e7os de consultoria ap\u00f3s o valor solicitado ao banco ser devolvido ao cliente. Trata-se de um processo f\u00e1cil, r\u00e1pido e sem burocracia.<\/p>\n<p style=\"text-align: left;\">Nossa equipe jur\u00eddica est\u00e1 dispon\u00edvel para ajud\u00e1-lo!<\/p>\n<p>[\/vc_column_text][\/vc_column][\/vc_row][vc_row full_width=&#8221;stretch_row&#8221; css=&#8221;.vc_custom_1695169860531{margin-bottom: 0px !important;padding-top: 40px !important;padding-bottom: 14px !important;background-color: #684671 !important;}&#8221;][vc_column width=&#8221;1\/4&#8243; offset=&#8221;vc_col-lg-3 vc_col-md-3&#8243; css=&#8221;.vc_custom_1449142338264{margin-bottom: 30px !important;}&#8221;][stm_counter counter_value=&#8221;100&#8243; counter_value_suf=&#8221;%&#8221; icon_size=&#8221;64&#8243; title=&#8221;r\u00e1pido e seguro&#8221; icon_color=&#8221;#ffffff&#8221; icon=&#8221;fas fa-hand-holding-usd&#8221; font_color=&#8221;#ffffff&#8221;][\/vc_column][vc_column width=&#8221;1\/4&#8243; offset=&#8221;vc_col-lg-3 vc_col-md-3&#8243; css=&#8221;.vc_custom_1449142343672{margin-bottom: 30px !important;}&#8221;][stm_counter counter_value=&#8221;25&#8243; counter_value_pre=&#8221;At\u00e9&#8221; icon_width=&#8221;80&#8243; icon_size=&#8221;67&#8243; title=&#8221;dias \u00fateis para receber&#8221; icon_color=&#8221;#ffffff&#8221; font_color=&#8221;#ffffff&#8221; icon=&#8221;stm-fast-delivery&#8221;][\/vc_column][vc_column width=&#8221;1\/4&#8243; offset=&#8221;vc_col-lg-3 vc_col-md-3&#8243; css=&#8221;.vc_custom_1449142350247{margin-bottom: 30px !important;}&#8221;][stm_counter counter_value=&#8221;100&#8243; counter_value_suf=&#8221;%&#8221; drawing=&#8221;yes&#8221; icon_width=&#8221;100&#8243; icon_width_svg=&#8221;68&#8243; icon_size=&#8221;67&#8243; title=&#8221;de clientes satisfeitos&#8221; drawing_icon=&#8221;stm-people-in-team&#8221; icon_color=&#8221;#ffffff&#8221; font_color=&#8221;#ffffff&#8221;][\/vc_column][vc_column width=&#8221;1\/4&#8243;][stm_counter counter_value=&#8221;100&#8243; counter_value_suf=&#8221;%&#8221; icon_width=&#8221;100&#8243; icon_size=&#8221;67&#8243; title=&#8221;online&#8221; icon_color=&#8221;#ffffff&#8221; icon=&#8221;fas fa-wifi&#8221; font_color=&#8221;#ffffff&#8221;][\/vc_column][\/vc_row][vc_row full_width=&#8221;stretch_row&#8221; css=&#8221;.vc_custom_1693796190700{margin-bottom: 0px !important;padding-top: 80px !important;padding-bottom: 80px !important;}&#8221; el_class=&#8221;base_bg_color inativado&#8221;][vc_column][stm_services posts_per_page=&#8221;5&#8243; items_tablet=&#8221;3&#8243; items_normal=&#8221;&#8221; items_small=&#8221;&#8221;]<\/p>\n<h2><span style=\"color: #ffffff; font-weight: 300;\">ENTENDA AS ETAPAS DO ATENDIMENTO:<\/span><\/h2>\n<p>[\/stm_services][\/vc_column][\/vc_row][vc_row css=&#8221;.vc_custom_1693537613829{margin-bottom: 0px !important;}&#8221; el_class=&#8221;inativado&#8221;][vc_column css=&#8221;.vc_custom_1450446299241{margin-bottom: 60px !important;}&#8221; offset=&#8221;vc_col-lg-6 vc_col-md-7&#8243;][vc_custom_heading text=&#8221;Latest News&#8221; use_theme_fonts=&#8221;yes&#8221; css=&#8221;.vc_custom_1450337112571{margin-bottom: 38px !important;}&#8221;][stm_news loop=&#8221;size:3|post_type:post&#8221; link=&#8221;url:%23|title:all%20news|&#8221;][\/vc_column][vc_column css=&#8221;.vc_custom_1450446304318{margin-bottom: 60px !important;}&#8221; offset=&#8221;vc_col-lg-6 vc_col-md-5&#8243;][vc_custom_heading text=&#8221;FAQ&#8221; use_theme_fonts=&#8221;yes&#8221; css=&#8221;.vc_custom_1450337066920{margin-bottom: 38px !important;}&#8221;][vc_tta_accordion style=&#8221;outline&#8221; shape=&#8221;square&#8221; color=&#8221;theme_style&#8221; c_icon=&#8221;chevron&#8221; c_position=&#8221;right&#8221; active_section=&#8221;1&#8243; no_fill=&#8221;true&#8221;][vc_tta_section title=&#8221;How many times do i have to tell you a few ways?&#8221; tab_id=&#8221;1450333286729-b84bb545-f459&#8243;][vc_column_text]Progressively generate synergistic total linkage through cross-media intellectual capital. Enthusiastically parallel task team building e-tailers without standards compliant initiatives. Progressively monetize client-centric outsourcing with excellent communities.[\/vc_column_text][\/vc_tta_section][vc_tta_section title=&#8221;What is do i have to tell you a few lorem?&#8221; tab_id=&#8221;1450333395266-cee3f8a0-cdaa&#8221;][vc_column_text]Progressively generate synergistic total linkage through cross-media intellectual capital. Enthusiastically parallel task team building e-tailers without standards compliant initiatives. Progressively monetize client-centric outsourcing with excellent communities.[\/vc_column_text][\/vc_tta_section][vc_tta_section title=&#8221;I have a technical problem or support issue I need resolved, who do I email?&#8221; tab_id=&#8221;1450333393575-560e10ae-d671&#8243;][vc_column_text]Progressively generate synergistic total linkage through cross-media intellectual capital. Enthusiastically parallel task team building e-tailers without standards compliant initiatives. Progressively monetize client-centric outsourcing with excellent communities.[\/vc_column_text][\/vc_tta_section][vc_tta_section title=&#8221;What other services are you compatible with?&#8221; tab_id=&#8221;1450333390085-ccbb2f35-ff19&#8243;][vc_column_text]Progressively generate synergistic total linkage through cross-media intellectual capital. Enthusiastically parallel task team building e-tailers without standards compliant initiatives. Progressively monetize client-centric outsourcing with excellent communities.[\/vc_column_text][\/vc_tta_section][vc_tta_section title=&#8221;Are you hiring?&#8221; tab_id=&#8221;1450333387414-6ded1f9e-e822&#8243;][vc_column_text]Progressively generate synergistic total linkage through cross-media intellectual capital. Enthusiastically parallel task team building e-tailers without standards compliant initiatives. Progressively monetize client-centric outsourcing with excellent communities.[\/vc_column_text][\/vc_tta_section][\/vc_tta_accordion][\/vc_column][\/vc_row][vc_row full_width=&#8221;stretch_row_content_no_spaces&#8221; css=&#8221;.vc_custom_1693568295967{margin-bottom: 0px !important;background-color: #183650 !important;}&#8221; el_class=&#8221;inativado&#8221;][vc_column css=&#8221;.vc_custom_1693538471410{background-color: #183650 !important;}&#8221;][stm_testimonials posts_per_page=&#8221;3&#8243; style=&#8221;style_2&#8243; autoplay=&#8221;yes&#8221; loop=&#8221;yes&#8221;][\/vc_column][\/vc_row][vc_row css=&#8221;.vc_custom_1693538052408{margin-bottom: 0px !important;padding-top: 53px !important;padding-bottom: 53px !important;}&#8221; el_class=&#8221;inativado&#8221;][vc_column][stm_image_carousel grayscale=&#8221;yes&#8221; img_size=&#8221;full&#8221; autoplay=&#8221;yes&#8221; items_mobile=&#8221;2&#8243; images=&#8221;258,258,258,258&#8243;][\/vc_column][\/vc_row][vc_row full_width=&#8221;stretch_row&#8221; equal_height=&#8221;yes&#8221; css=&#8221;.vc_custom_1695004632412{margin-top: 1px !important;margin-bottom: 0px !important;margin-left: 0px !important;background-color: #f7f7f7 !important;}&#8221; el_class=&#8221;reset-sm-paddings&#8221;][vc_column css=&#8221;.vc_custom_1450444940366{padding-top: 80px !important;padding-bottom: 31px !important;}&#8221; offset=&#8221;vc_col-lg-5 vc_col-md-6&#8243;][vc_custom_heading text=&#8221;Vantagens do servi\u00e7o:&#8221; font_container=&#8221;tag:h2|text_align:left|color:%2342184e&#8221; use_theme_fonts=&#8221;yes&#8221;][vc_column_text]<span style=\"color: #42184e;\">Negociamos de forma amig\u00e1vel, sem a\u00e7\u00e3o judicial!<\/span>[\/vc_column_text][vc_row_inner css=&#8221;.vc_custom_1449127190171{margin-bottom: 0px !important;}&#8221; el_class=&#8221;reset-sm-paddings&#8221;][vc_column_inner width=&#8221;1\/2&#8243; css=&#8221;.vc_custom_1450423994691{margin-bottom: 44px !important;}&#8221; offset=&#8221;vc_col-xs-12&#8243;][stm_icon drawing=&#8221;yes&#8221; icon_position=&#8221;icon_position_left&#8221; icon_width_svg=&#8221;68&#8243; icon_size=&#8221;71&#8243; icon_width=&#8221;95&#8243; title_font_size=&#8221;14&#8243; title_font_weight=&#8221;600&#8243; title=&#8221;Seu score<br \/>\nn\u00e3o muda&#8221; drawing_icon=&#8221;stm-clients-worldwide&#8221; icon_color=&#8221;#42184e&#8221; title_color=&#8221;#42184e&#8221; text_color=&#8221;#42184e&#8221;][\/vc_column_inner][vc_column_inner width=&#8221;1\/2&#8243; css=&#8221;.vc_custom_1450423999162{margin-bottom: 44px !important;}&#8221; offset=&#8221;vc_col-xs-12&#8243;][stm_icon icon_position=&#8221;icon_position_left&#8221; icon_size=&#8221;64&#8243; icon_width=&#8221;95&#8243; title_font_size=&#8221;14&#8243; title_font_weight=&#8221;600&#8243; title=&#8221;Seu dinheiro<br \/>\ncai direto<br \/>\nem sua conta&#8221; icon=&#8221;fas fa-university&#8221; icon_color=&#8221;#42184e&#8221; title_color=&#8221;#42184e&#8221; text_color=&#8221;#42184e&#8221;][\/vc_column_inner][\/vc_row_inner][vc_row_inner css=&#8221;.vc_custom_1449127193884{margin-bottom: 0px !important;}&#8221; el_class=&#8221;reset-sm-paddings&#8221;][vc_column_inner width=&#8221;1\/2&#8243; css=&#8221;.vc_custom_1450424067703{margin-bottom: 44px !important;}&#8221; offset=&#8221;vc_col-xs-12&#8243;][stm_icon drawing=&#8221;yes&#8221; icon_position=&#8221;icon_position_left&#8221; icon_width_svg=&#8221;72&#8243; icon_size=&#8221;51&#8243; icon_width=&#8221;95&#8243; title_font_size=&#8221;14&#8243; title_font_weight=&#8221;600&#8243; title=&#8221;N\u00e3o cobramos<br \/>\nantecipadamente&#8221; drawing_icon=&#8221;stm-people-in-team&#8221; icon_color=&#8221;#42184e&#8221; title_color=&#8221;#42184e&#8221; text_color=&#8221;#42184e&#8221;][\/vc_column_inner][vc_column_inner width=&#8221;1\/2&#8243; css=&#8221;.vc_custom_1450424075450{margin-bottom: 44px !important;}&#8221; offset=&#8221;vc_col-xs-12&#8243;][stm_icon icon_position=&#8221;icon_position_left&#8221; icon_size=&#8221;50&#8243; icon_width=&#8221;95&#8243; title_font_size=&#8221;14&#8243; title_font_weight=&#8221;600&#8243; title=&#8221;Em m\u00e9dia at\u00e9<br \/>\n25 dias \u00fateis&#8221; icon=&#8221;stm-fast-delivery&#8221; icon_color=&#8221;#42184e&#8221; title_color=&#8221;#42184e&#8221; text_color=&#8221;#42184e&#8221;][\/vc_column_inner][\/vc_row_inner][\/vc_column][vc_column offset=&#8221;vc_col-lg-7 vc_col-md-6&#8243; css=&#8221;.vc_custom_1450444946350{padding-left: 45px !important;}&#8221;][vc_row_inner el_class=&#8221;reset-sm-paddings&#8221; css=&#8221;.vc_custom_1695229225125{background-color: #684671 !important;}&#8221;][vc_column_inner css=&#8221;.vc_custom_1695229200277{padding-top: 80px !important;padding-right: 40px !important;padding-bottom: 50px !important;padding-left: 40px !important;background-color: #684671 !important;}&#8221;][vc_custom_heading text=&#8221;Recupere seu dinheiro com seguran\u00e7a&#8221; font_container=&#8221;tag:h2|text_align:left|color:%23ffffff&#8221; use_theme_fonts=&#8221;yes&#8221;][vc_column_text]<span style=\"color: #ffffff;\">Acione nossa equipe e cuidaremos de garantir seu dinheiro de volta de forma segura e r\u00e1pida.<\/span>[\/vc_column_text]\n<div class=\"wpcf7 no-js\" id=\"wpcf7-f208-o1\" lang=\"en-US\" dir=\"ltr\">\n<div class=\"screen-reader-response\"><p role=\"status\" aria-live=\"polite\" aria-atomic=\"true\"><\/p> <ul><\/ul><\/div>\n<form action=\"\/index.php\/wp-json\/wp\/v2\/pages\/618#wpcf7-f208-o1\" method=\"post\" class=\"wpcf7-form init\" aria-label=\"Contact form\" novalidate=\"novalidate\" data-status=\"init\">\n<div style=\"display: none;\">\n<input type=\"hidden\" name=\"_wpcf7\" value=\"208\" \/>\n<input type=\"hidden\" name=\"_wpcf7_version\" value=\"5.8.2\" \/>\n<input type=\"hidden\" name=\"_wpcf7_locale\" value=\"en_US\" \/>\n<input type=\"hidden\" name=\"_wpcf7_unit_tag\" value=\"wpcf7-f208-o1\" \/>\n<input type=\"hidden\" name=\"_wpcf7_container_post\" value=\"0\" \/>\n<input type=\"hidden\" name=\"_wpcf7_posted_data_hash\" value=\"\" \/>\n<input type=\"hidden\" name=\"_wpcf7cf_hidden_group_fields\" value=\"[]\" \/>\n<input type=\"hidden\" name=\"_wpcf7cf_hidden_groups\" value=\"[]\" \/>\n<input type=\"hidden\" name=\"_wpcf7cf_visible_groups\" value=\"[]\" \/>\n<input type=\"hidden\" name=\"_wpcf7cf_repeaters\" value=\"[]\" \/>\n<input type=\"hidden\" name=\"_wpcf7cf_steps\" value=\"{}\" \/>\n<input type=\"hidden\" name=\"_wpcf7cf_options\" value=\"{&quot;form_id&quot;:208,&quot;conditions&quot;:[],&quot;settings&quot;:{&quot;animation&quot;:&quot;yes&quot;,&quot;animation_intime&quot;:200,&quot;animation_outtime&quot;:200,&quot;conditions_ui&quot;:&quot;normal&quot;,&quot;notice_dismissed&quot;:true,&quot;notice_dismissed_update-cf7-5.9.8&quot;:true}}\" \/>\n<\/div>\n<div class=\"request_quote\">\n\t<div class=\"row\">\n\t\t<div class=\"col-lg-6 col-md-6 col-sm-6 col-xs-12\">\n\t\t\t<div class=\"input-group\">\n\t\t\t\t<p><span class=\"wpcf7-form-control-wrap\" data-name=\"nome\"><input size=\"40\" class=\"wpcf7-form-control wpcf7-text wpcf7-validates-as-required\" aria-required=\"true\" aria-invalid=\"false\" placeholder=\"Nome completo\" value=\"\" type=\"text\" name=\"nome\" \/><\/span>\n\t\t\t\t<\/p>\n\t\t\t<\/div>\n\t\t\t<div class=\"input-group\">\n\t\t\t\t<p><span class=\"wpcf7-form-control-wrap\" data-name=\"cidade\"><input size=\"40\" class=\"wpcf7-form-control wpcf7-text wpcf7-validates-as-required\" aria-required=\"true\" aria-invalid=\"false\" placeholder=\"Cidade\" value=\"\" type=\"text\" name=\"cidade\" \/><\/span>\n\t\t\t\t<\/p>\n\t\t\t<\/div>\n\t\t\t<div class=\"input-group\">\n\t\t\t\t<p><span class=\"wpcf7-form-control-wrap\" data-name=\"observacao\"><textarea cols=\"40\" rows=\"10\" class=\"wpcf7-form-control wpcf7-textarea\" aria-invalid=\"false\" placeholder=\"Observa\u00e7\u00e3o\" name=\"observacao\"><\/textarea><\/span>\n\t\t\t\t<\/p>\n\t\t\t<\/div>\n\t\t<\/div>\n\t\t<div class=\"col-lg-6 col-md-6 col-sm-6 col-xs-12\">\n\t\t\t<div class=\"input-group\">\n\t\t\t\t<p><span class=\"wpcf7-form-control-wrap\" data-name=\"telefone\"><input size=\"40\" class=\"wpcf7-form-control wpcf7-tel wpcf7-validates-as-required wpcf7-text wpcf7-validates-as-tel phone\" aria-required=\"true\" aria-invalid=\"false\" placeholder=\"Telefone\" value=\"\" type=\"tel\" name=\"telefone\" \/><\/span>\n\t\t\t\t<\/p>\n\t\t\t<\/div>\n\t\t\t<div class=\"input-group\">\n\t\t\t\t<p><span class=\"wpcf7-form-control-wrap\" data-name=\"email\"><input size=\"40\" class=\"wpcf7-form-control wpcf7-email wpcf7-validates-as-required wpcf7-text wpcf7-validates-as-email\" aria-required=\"true\" aria-invalid=\"false\" placeholder=\"E-mail\" value=\"\" type=\"email\" name=\"email\" \/><\/span>\n\t\t\t\t<\/p>\n\t\t\t<\/div>\n\t\t\t<p><span class=\"wpcf7-form-control-wrap f12_captcha-562\" data-name=\"f12_captcha-562\" style=\"\"><input class=\"f12c wpcf7-validates-as-required\" data-method=\"image\" id=\"f12_captcha-562\" captchamethod=\"image\" class=\"wpcf7-form-control wpcf7-f12_captcha wpcf7-validates-as-captcha\" aria-required=\"true\" aria-invalid=\"false\" placeholder=\"Anti-spam*\" value=\"\" type=\"text\" name=\"f12_captcha-562\" style=\"\"\/><label><span class=\"captcha-image\"><img decoding=\"async\" src=\"data:image\/png;base64,iVBORw0KGgoAAAANSUhEUgAAAH0AAAAeCAMAAAA2PuHjAAAA6lBMVEX\/\/\/\/IyMj4+Pjx8fHc3NzOzs7j4+Pq6urV1dVFZ4nn7PDQ2eFzjaanr7hcepdVc5CKoLWis8S3u8BaeJabrL2Alaqfq7iJmqvGztd2i6DL09yWo7BWc5Flf5iNnq9uh6G5xtLIyMhFZ4mwvcqGl6jP09fV2d2suMW0wc57kKWCmK3h5erIyMhFZ4lYdpR9kqiInbJpgpyrtLyap7TIyMjY2NjQ0NBFZ4lwiaOxucJXdJLb3+RZd5XFyc6bqLXIyMjMzMzs7Ozd3d1FZ4nDx8t6kahtiKJqhJ3IyMjX19fU1NRFZ4mzu8Ser8Az9qdAAAAACXBIWXMAAA7EAAAOxAGVKw4bAAAD+ElEQVRIie1Wa5PbNBSVrafld\/pakzW1nWx2Ye1lC54RUMAwLmAQ\/P+\/w5UsJ6EU6nYWhg89k0wiW9K55+reYyP0AR\/wsOBEUEH4v7Q75v5p4FMqAIQQNl9mkwPFD8fIYH\/H6vc9Od0YziB8JKZJcOxjAvwPRO\/Tdgax\/KTvj+qBnWOMOeeMDgMFcpdyDOr9N2\/31\/3\/aaIPvAy2F21r0wni2XLr+2H4YZnHBu9IDsc\/TQytACae59G\/n0ra1uWcttT8ip468ldxvN3lgNAMqTdRJMOqsiPC12hnhhu+p8NEPmfstJa2yy3IAkdS4r6fJT4dj8hg+Ms0XWXaIAnXyAZw4PVtDMekkdpiGW+Kuy6JcmlUtwKFKhK9sDmIx7Es7kF6No4VQr9OMTBHmYlgJT11oonn0olEXQvGxEIvL7sZlTkEoE3Uoe+xOYB4fD4MNkf5GCHkbbTOTJAo08kqcux5GJIpT4XHHC2p53CirtzQQ5h1HejBwJqrjPbCF5vix\/HOsYdj4guv0Pduk2SdeEh8GAVBEMljMuo5GX5d247tOij2lvKbLponSKVY39NNqn4y7MZuyM\/ji2HwtL51m0i0CtyLgTuBj1uA63oX2WNms10mnSS22z9bhEWq6vutUjkax3i73e9LKLt4oL\/p9B0dhntpYOo1C3Jkc8jrsjFYokF5l1T+zO9qv1Jf0r1SFULHkk9jsIILXZ7bO357x+FN8Mj+yR57nvll+yapZBg12TIFTjzJJTeG5+zrkSpV+pXJC9R8BgWfYzpAN+jyrG3RNJ2P3ow4eLJkwVYZSxurOmnmy4RgU3FdFGLq1GMQ\/vXGlH00xrBIJkA\/DETqdDrpxWvM7mnwzNF4tomvmtIOq+hgDcd6jawS03HUuh6OU6Ve2mfNzG7pCTi+1htHKHUEnv\/21F8EhV3x0Xa2m+umcIts54UvYjFH03WSty1GGOrtG1VR86zJxq1NWDiON\/CUudeFM\/pMP1nn80GwERizy3RmuWnmaKD8aktaOJfPugoDOy6U2lUq4kb8wg5uMx6G4ZXW+4nAiVRax5NYQQ7Vnm7jbRl8PJOETWrdZrepTRSy65x4YIfKP0C9XSCklDTi83HvOKIxAvHXWqf7\/f7SRrGGHBYGBs+XYdKAt5FPGrdv3nXF59xm\/qptv01V+dKEonJwHHZil+P4GJyn0jOekdWdX0VRVB1HoW33Jl1iNwXfGa\/\/om2\/U6qw24YqQbSn1eXCbtxNDANDVZ7\/fnOL3hsyA\/JPTxuE93fAXcYtZbe7a6cJ\/A7Ec\/\/8vcSH16\/3pz0L4PULt\/Dy9KdcQt3BOw59fd5\/BJkoycUDvri+K\/\/K59j\/DX8Aj9h9b7itXZMAAAAASUVORK5CYII=\"\/><\/span> <a href=\"javascript:void(0);\" class=\"cf7 captcha-reload\" title=\"Reload Captcha\"><img decoding=\"async\" style=\"margin-top:5px;\" src=\"https:\/\/artigo39.com.br\/wp-content\/plugins\/captcha-for-contact-form-7\/core\/assets\/reload-icon.png\" alt=\"Reload\"\/><\/a> <\/label><\/span><input type=\"hidden\" id=\"f12_captcha-562_hash\" name=\"f12_captcha-562_hash\" value=\"$2y$10$PbpGg9X0MnHG1VYtEZSp7.ncXQXJf6eiJIV7IHzvn30VQ\/r9KQEH6\"\/>\n\t\t\t<\/p>\n\t\t\t<div class=\"input-group\">\n\t\t\t\t<p><input class=\"wpcf7-form-control wpcf7-submit has-spinner theme-wpcf7-submit button size-sm\" type=\"submit\" value=\"ENVIAR\" \/>\n\t\t\t\t<\/p>\n\t\t\t<\/div>\n\t\t<\/div>\n\t<\/div>\n<\/div><div class=\"wpcf7-response-output\" aria-hidden=\"true\"><\/div>\n<\/form>\n<\/div>\n[vc_column_text]<span style=\"font-size: 8pt; color: #ffffff;\">* O atendimento pelo formul\u00e1rio pode levar at\u00e9 3 dias \u00fateis para retorno, devido \u00e0 sequ\u00eancia cadastral dos clientes. Basta aguardar que nossos consultores retornar\u00e3o o mais r\u00e1pido poss\u00edvel.<\/span>[\/vc_column_text][\/vc_column_inner][\/vc_row_inner][\/vc_column][\/vc_row][vc_row full_width=&#8221;stretch_row_content_no_spaces&#8221; css=&#8221;.vc_custom_1693537623467{margin-bottom: 0px !important;}&#8221; el_class=&#8221;inativado&#8221;][vc_column][stm_gmap map_zoom=&#8221;18&#8243; disable_mouse_whell=&#8221;disable&#8221; marker=&#8221;1241&#8243;][stm_gmap_address title=&#8221;CENTRAL DE ATENDIMENTO&#8221; address=&#8221;Escrit\u00f3rio em Ribeir\u00e3o Preto \/ S\u00e3o Paulo&#8221; phone=&#8221;(16) 9090-4040&#8243; email=&#8221;comerical@artigo39.com.br&#8221; lat=&#8221;-21.176630&#8243; lng=&#8221;-47.820840&#8243;][\/stm_gmap][\/vc_column][\/vc_row]<\/p>\n","protected":false},"excerpt":{"rendered":"<p>[vc_row full_width=&#8221;stretch_row_content_no_spaces&#8221; css=&#8221;.vc_custom_1445941555299{margin-bottom: 0px !important;}&#8221;][vc_column][\/vc_column][\/vc_row][vc_row full_width=&#8221;stretch_row&#8221; css=&#8221;.vc_custom_1695003960831{margin-bottom: 80px !important;background-color: #684671 !important;}&#8221;][vc_column width=&#8221;1\/4&#8243; offset=&#8221;vc_hidden-xs&#8221;][stm_rev_slider_nav title=&#8221;Cobran\u00e7as Indevidas&#8221; icon=&#8221;stm-transport842&#8243; slide_number=&#8221;1&#8243;][\/vc_column][vc_column width=&#8221;1\/4&#8243; offset=&#8221;vc_hidden-xs&#8221;][stm_rev_slider_nav title=&#8221;Taxas de Vendas Casadas&#8221; icon=&#8221;stm-transport839&#8243; slide_number=&#8221;2&#8243;][\/vc_column][vc_column width=&#8221;1\/4&#8243; offset=&#8221;vc_hidden-xs&#8221;][stm_rev_slider_nav title=&#8221;Tarifas&#8221; icon=&#8221;stm-ship&#8221; slide_number=&#8221;3&#8243;][\/vc_column][vc_column width=&#8221;1\/4&#8243; offset=&#8221;vc_hidden-xs&#8221;][stm_rev_slider_nav title=&#8221;Outros&#8221;&#8230;<\/p>\n","protected":false},"author":1,"featured_media":0,"parent":0,"menu_order":0,"comment_status":"closed","ping_status":"open","template":"","meta":{"_joinchat":[],"footnotes":""},"class_list":["post-618","page","type-page","status-publish","hentry"],"_links":{"self":[{"href":"https:\/\/artigo39.com.br\/index.php\/wp-json\/wp\/v2\/pages\/618","targetHints":{"allow":["GET"]}}],"collection":[{"href":"https:\/\/artigo39.com.br\/index.php\/wp-json\/wp\/v2\/pages"}],"about":[{"href":"https:\/\/artigo39.com.br\/index.php\/wp-json\/wp\/v2\/types\/page"}],"author":[{"embeddable":true,"href":"https:\/\/artigo39.com.br\/index.php\/wp-json\/wp\/v2\/users\/1"}],"replies":[{"embeddable":true,"href":"https:\/\/artigo39.com.br\/index.php\/wp-json\/wp\/v2\/comments?post=618"}],"version-history":[{"count":123,"href":"https:\/\/artigo39.com.br\/index.php\/wp-json\/wp\/v2\/pages\/618\/revisions"}],"predecessor-version":[{"id":2185,"href":"https:\/\/artigo39.com.br\/index.php\/wp-json\/wp\/v2\/pages\/618\/revisions\/2185"}],"wp:attachment":[{"href":"https:\/\/artigo39.com.br\/index.php\/wp-json\/wp\/v2\/media?parent=618"}],"curies":[{"name":"wp","href":"https:\/\/api.w.org\/{rel}","templated":true}]}}