{"id":685,"date":"2015-11-24T07:42:31","date_gmt":"2015-11-24T07:42:31","guid":{"rendered":"http:\/\/logistics.stylemixthemes.com\/demo\/?page_id=685"},"modified":"2024-08-07T09:29:55","modified_gmt":"2024-08-07T12:29:55","slug":"servicos","status":"publish","type":"page","link":"https:\/\/artigo39.com.br\/index.php\/servicos\/","title":{"rendered":"Como funciona"},"content":{"rendered":"<p>[vc_row css=&#8221;.vc_custom_1449137312762{margin-bottom: 40px !important;}&#8221;][vc_column offset=&#8221;vc_col-lg-4 vc_col-md-4&#8243; css=&#8221;.vc_custom_1449137321169{margin-bottom: 40px !important;}&#8221;][vc_column_text]<\/p>\n<h2>Recupere j\u00e1 seu dinheiro!<\/h2>\n<p>[\/vc_column_text][\/vc_column][vc_column offset=&#8221;vc_col-lg-8 vc_col-md-8&#8243;][vc_column_text]<\/p>\n<p style=\"text-align: justify;\">Muitas de n\u00f3s brasileiros estamos acostumados \u00e0 ideia de que as institui\u00e7\u00f5es banc\u00e1rias s\u00e3o \u00f3rg\u00e3os que protegem nosso dinheiro e nem sequer se at\u00e9m \u00e0 leitura de um contrato de empr\u00e9stimo ou questionam as cobran\u00e7as contidas no contrato.\u00a0Em muitos casos, infelizmente, a informa\u00e7\u00e3o \u00e9 que aquela cobran\u00e7a deve existir para que a contrata\u00e7\u00e3o ocorra.<\/p>\n<p style=\"text-align: justify;\">O C\u00f3digo de Defesa do Consumidor em seu artigo 39 pro\u00edbe que institui\u00e7\u00f5es financeiras ou qualquer empresa pratiquem a chamada &#8220;venda casada&#8221;. Esta pr\u00e1tica abusiva e ilegal consiste em atrelar o fornecimento de um produto ou servi\u00e7o a outro, que normalmente \u00e9 vendido separadamente, obrigando, for\u00e7ando, coagindo, constrangendo o consumidor a aceit\u00e1-los em raz\u00e3o de sua necessidade ou vulnerabilidade ao assinar um contrato ou adquirir um produto.<\/p>\n<p style=\"text-align: justify;\">A nossa empresa age no sentido de recompor a legalidade da rela\u00e7\u00e3o entre o consumidor e o prestador de servi\u00e7o. Que foi celebrada de forma contr\u00e1ria \u00e0 previs\u00e3o legal. As etapas do ressarcimento s\u00e3o:<\/p>\n<p>[\/vc_column_text][\/vc_column][\/vc_row][vc_row css=&#8221;.vc_custom_1448358695952{margin-bottom: 40px !important;}&#8221;][vc_column][stm_services_grid posts_per_page=&#8221;15&#8243; posts_per_row=&#8221;3&#8243;][\/vc_column][\/vc_row][vc_row full_width=&#8221;stretch_row&#8221; css=&#8221;.vc_custom_1694713733682{background-color: #684671 !important;}&#8221;][vc_column css=&#8221;.vc_custom_1694713590630{margin-bottom: 10px !important;}&#8221;][vc_cta h2=&#8221;Livre-se das cobran\u00e7as indevidas. Fale com nossos especialistas!&#8221; h2_font_container=&#8221;tag:h2|font_size:30|text_align:left|color:%23ffffff&#8221; h2_google_fonts=&#8221;font_family:Titillium%20Web%3A200%2C200italic%2C300%2C300italic%2Cregular%2Citalic%2C600%2C600italic%2C700%2C700italic%2C900|font_style:400%20regular%3A400%3Anormal&#8221; shape=&#8221;square&#8221; style=&#8221;flat&#8221; add_button=&#8221;right&#8221; btn_title=&#8221;Entrar em contato&#8221; btn_style=&#8221;outline&#8221; btn_shape=&#8221;round&#8221; btn_color=&#8221;white&#8221; btn_i_align=&#8221;right&#8221; btn_i_icon_fontawesome=&#8221;fas fa-arrow-right&#8221; use_custom_fonts_h2=&#8221;true&#8221; btn_add_icon=&#8221;true&#8221; btn_link=&#8221;url:http%3A%2F%2Fartigo39.com.br%2Findex.php%2Fcontato%2F&#8221; css=&#8221;.vc_custom_1694713727939{background-color: #684671 !important;}&#8221;][\/vc_cta][\/vc_column][\/vc_row][vc_row full_width=&#8221;stretch_row&#8221; css=&#8221;.vc_custom_1449137637970{margin-bottom: 0px !important;padding-top: 80px !important;padding-bottom: 30px !important;background-color: #f7f7f7 !important;}&#8221;][vc_column width=&#8221;1\/2&#8243; css=&#8221;.vc_custom_1449137646409{margin-bottom: 40px !important;}&#8221;][vc_column_text]<\/p>\n<h3>Equipe Especializada<\/h3>\n<p style=\"text-align: justify;\">Tenha uma equipe jur\u00eddica para cuidar de tudo sem se preocupar. Cuidamos do in\u00edcio ao fim da sua situa\u00e7\u00e3o. Somos um time de profissionais especializados em solucionar problemas indesej\u00e1veis com bancos relacionados \u00e0 cobran\u00e7as indevidas.<\/p>\n<p>[\/vc_column_text][\/vc_column][vc_column width=&#8221;1\/2&#8243; css=&#8221;.vc_custom_1449137653081{margin-bottom: 40px !important;}&#8221;][vc_column_text]<\/p>\n<h3>Atendimento Individualizado<\/h3>\n<p style=\"text-align: justify;\">Embora nosso atendimento seja totalmente online, facilitando a vida de cada cliente de forma que possamos atender todo o Brasil, o fazemos de forma individualizada, e o mais importante, sempre garantindo seguran\u00e7a e transpar\u00eancia.<\/p>\n<p>[\/vc_column_text][\/vc_column][\/vc_row][vc_row full_width=&#8221;stretch_row_content_no_spaces&#8221; equal_height=&#8221;yes&#8221; content_placement=&#8221;top&#8221; el_class=&#8221;services_icons reset-sm-paddings&#8221; css=&#8221;.vc_custom_1694609130876{margin-bottom: 0px !important;}&#8221;][vc_column css=&#8221;.vc_custom_1694609321441{padding-top: 75px !important;padding-right: 115px !important;padding-bottom: 75px !important;padding-left: 115px !important;background-color: rgba(66,24,78,0.6) !important;*background-color: rgb(66,24,78) !important;}&#8221; offset=&#8221;vc_col-lg-4 vc_col-md-4&#8243;][stm_icon icon_size=&#8221;67&#8243; icon_height=&#8221;90&#8243; title_font_size=&#8221;24&#8243; title_font_weight=&#8221;700&#8243; align=&#8221;center&#8221; icon=&#8221;stm-security&#8221; title=&#8221;N\u00e3o cobramos antecipadamente&#8221; text=&#8221;Somente em caso de \u00eaxito o cliente paga 30% do valor devolvido \u00e0 Artigo39.&#8221; icon_color=&#8221;#ffffff&#8221; title_color=&#8221;#ffffff&#8221; text_color=&#8221;#ffffff&#8221;][\/vc_column][vc_column css=&#8221;.vc_custom_1694609297188{padding-top: 75px !important;padding-right: 115px !important;padding-bottom: 75px !important;padding-left: 115px !important;background-color: rgba(66,24,78,0.7) !important;*background-color: rgb(66,24,78) !important;}&#8221; offset=&#8221;vc_col-lg-4 vc_col-md-4&#8243;][stm_icon icon_size=&#8221;67&#8243; icon_height=&#8221;90&#8243; title_font_size=&#8221;24&#8243; title_font_weight=&#8221;700&#8243; align=&#8221;center&#8221; icon=&#8221;stm-fast-delivery&#8221; title=&#8221;Ressarcimento R\u00e1pido&#8221; text=&#8221;\u00c9 r\u00e1pido! Leva em m\u00e9dia at\u00e9 25 dias \u00fateis para a devolu\u00e7\u00e3o do dinheiro se concretizar.&#8221; icon_color=&#8221;#ffffff&#8221; title_color=&#8221;#ffffff&#8221; text_color=&#8221;#ffffff&#8221;][\/vc_column][vc_column css=&#8221;.vc_custom_1694609284356{padding-top: 75px !important;padding-right: 115px !important;padding-bottom: 75px !important;padding-left: 115px !important;background-color: rgba(66,24,78,0.8) !important;*background-color: rgb(66,24,78) !important;}&#8221; offset=&#8221;vc_col-lg-4 vc_col-md-4&#8243;][stm_icon icon_size=&#8221;67&#8243; icon_height=&#8221;90&#8243; title_font_size=&#8221;24&#8243; title_font_weight=&#8221;700&#8243; align=&#8221;center&#8221; icon=&#8221;fas fa-hand-holding-usd&#8221; title=&#8221;Seguran\u00e7a e Confiabilidade&#8221; text=&#8221;O dinheiro cai direto em sua conta e a negocia\u00e7\u00e3o da devolu\u00e7\u00e3o n\u00e3o afeta o score.&#8221; icon_color=&#8221;#ffffff&#8221; title_color=&#8221;#ffffff&#8221; text_color=&#8221;#ffffff&#8221;][\/vc_column][\/vc_row]<\/p>\n","protected":false},"excerpt":{"rendered":"<p>[vc_row css=&#8221;.vc_custom_1449137312762{margin-bottom: 40px !important;}&#8221;][vc_column offset=&#8221;vc_col-lg-4 vc_col-md-4&#8243; css=&#8221;.vc_custom_1449137321169{margin-bottom: 40px !important;}&#8221;][vc_column_text] Recupere j\u00e1 seu dinheiro! [\/vc_column_text][\/vc_column][vc_column offset=&#8221;vc_col-lg-8 vc_col-md-8&#8243;][vc_column_text] Muitas de n\u00f3s brasileiros estamos acostumados \u00e0 ideia de que as institui\u00e7\u00f5es banc\u00e1rias s\u00e3o \u00f3rg\u00e3os que protegem&#8230;<\/p>\n","protected":false},"author":1,"featured_media":0,"parent":0,"menu_order":0,"comment_status":"closed","ping_status":"closed","template":"","meta":{"_joinchat":[],"footnotes":""},"class_list":["post-685","page","type-page","status-publish","hentry"],"_links":{"self":[{"href":"https:\/\/artigo39.com.br\/index.php\/wp-json\/wp\/v2\/pages\/685","targetHints":{"allow":["GET"]}}],"collection":[{"href":"https:\/\/artigo39.com.br\/index.php\/wp-json\/wp\/v2\/pages"}],"about":[{"href":"https:\/\/artigo39.com.br\/index.php\/wp-json\/wp\/v2\/types\/page"}],"author":[{"embeddable":true,"href":"https:\/\/artigo39.com.br\/index.php\/wp-json\/wp\/v2\/users\/1"}],"replies":[{"embeddable":true,"href":"https:\/\/artigo39.com.br\/index.php\/wp-json\/wp\/v2\/comments?post=685"}],"version-history":[{"count":26,"href":"https:\/\/artigo39.com.br\/index.php\/wp-json\/wp\/v2\/pages\/685\/revisions"}],"predecessor-version":[{"id":1598,"href":"https:\/\/artigo39.com.br\/index.php\/wp-json\/wp\/v2\/pages\/685\/revisions\/1598"}],"wp:attachment":[{"href":"https:\/\/artigo39.com.br\/index.php\/wp-json\/wp\/v2\/media?parent=685"}],"curies":[{"name":"wp","href":"https:\/\/api.w.org\/{rel}","templated":true}]}}